{"id":4211,"date":"2021-08-03T05:02:19","date_gmt":"2021-08-03T05:02:19","guid":{"rendered":"https:\/\/nyatunnelbanan.se\/nacka\/"},"modified":"2025-04-03T16:04:37","modified_gmt":"2025-04-03T14:04:37","slug":"nacka","status":"publish","type":"page","link":"https:\/\/nyatunnelbanan.se\/en\/nacka-soderort\/","title":{"rendered":"The Blue Line to Nacka and S\u00f6derort"},"content":{"rendered":"","protected":false},"excerpt":{"rendered":"<p>The Blue Line is being extended from Kungstr\u00e4dg\u00e5rden to Nacka and S\u00f6derort.<\/p>\n","protected":false},"author":3,"featured_media":0,"parent":34825,"menu_order":0,"comment_status":"closed","ping_status":"closed","template":"templates\/template-nacka.php","meta":{"_acf_changed":false,"inline_featured_image":false,"footnotes":""},"class_list":["post-4211","page","type-page","status-publish","hentry"],"acf":[],"_links":{"self":[{"href":"https:\/\/nyatunnelbanan.se\/en\/wp-json\/wp\/v2\/pages\/4211","targetHints":{"allow":["GET"]}}],"collection":[{"href":"https:\/\/nyatunnelbanan.se\/en\/wp-json\/wp\/v2\/pages"}],"about":[{"href":"https:\/\/nyatunnelbanan.se\/en\/wp-json\/wp\/v2\/types\/page"}],"author":[{"embeddable":true,"href":"https:\/\/nyatunnelbanan.se\/en\/wp-json\/wp\/v2\/users\/3"}],"replies":[{"embeddable":true,"href":"https:\/\/nyatunnelbanan.se\/en\/wp-json\/wp\/v2\/comments?post=4211"}],"version-history":[{"count":13,"href":"https:\/\/nyatunnelbanan.se\/en\/wp-json\/wp\/v2\/pages\/4211\/revisions"}],"predecessor-version":[{"id":35506,"href":"https:\/\/nyatunnelbanan.se\/en\/wp-json\/wp\/v2\/pages\/4211\/revisions\/35506"}],"up":[{"embeddable":true,"href":"https:\/\/nyatunnelbanan.se\/en\/wp-json\/wp\/v2\/pages\/34825"}],"wp:attachment":[{"href":"https:\/\/nyatunnelbanan.se\/en\/wp-json\/wp\/v2\/media?parent=4211"}],"curies":[{"name":"wp","href":"https:\/\/api.w.org\/{rel}","templated":true}]}}